{"id":634,"date":"2017-12-15T13:32:30","date_gmt":"2017-12-15T12:32:30","guid":{"rendered":"http:\/\/oliver-twist.dk.bluebird.pw\/?page_id=634"},"modified":"2023-03-08T10:31:58","modified_gmt":"2023-03-08T09:31:58","slug":"ueber-uns","status":"publish","type":"page","link":"https:\/\/oliver-twist.dk.bluebird.pw\/de\/ueber-uns\/","title":{"rendered":"\u00dcber uns"},"content":{"rendered":"<p>House of Oliver Twist A\/S ist die \u00e4lteste Tabakfabrik D\u00e4nemarks und gleichzeitig der weltgr\u00f6\u00dfte Exporteur von Kautabak. Unter dem Namen Oliver Twist\u00ae entwickeln, produzieren und vertreiben wir exklusive Tabakpastillen.<\/p>\n<p>Seit 1974 befand sich das Unternehmen in Familienbesitz. Im April 2018 wurde es an Swedish Match AB verkauft. Swedish Match ist ein globales Unternehmen mit starken Markennamen wie General und G\u00f6teborg Rap\u00e9.<\/p>\n<p>\u201eOliver Twist ist eine hervorragende Erg\u00e4nzung zu unserem rauchfreien Portfolio und wird die Entwicklung unseres Kautabakangebots verbessern, insbesondere in Europa\u201c, sagte Lars Dahlgren, CEO von Swedish Match, \u00fcber den Verkauf.<\/p>\n","protected":false},"excerpt":{"rendered":"<p>House of Oliver Twist A\/S ist die \u00e4lteste Tabakfabrik D\u00e4nemarks und gleichzeitig der weltgr\u00f6\u00dfte Exporteur von Kautabak. Unter dem Namen Oliver Twist\u00ae entwickeln, produzieren und vertreiben wir exklusive Tabakpastillen. Seit 1974 befand sich das Unternehmen in Familienbesitz. Im April 2018 wurde es an Swedish Match AB verkauft. Swedish Match ist ein globales Unternehmen mit starken [&hellip;]<\/p>\n","protected":false},"author":5,"featured_media":709,"parent":0,"menu_order":81,"comment_status":"closed","ping_status":"closed","template":"templates\/omos.php","meta":{"_acf_changed":false,"footnotes":""},"class_list":["post-634","page","type-page","status-publish","has-post-thumbnail","hentry"],"acf":[],"yoast_head":"<!-- This site is optimized with the Yoast SEO Premium plugin v21.4 (Yoast SEO v27.5) - https:\/\/yoast.com\/product\/yoast-seo-premium-wordpress\/ -->\n<title>\u00dcber uns | House of Oliver Twist<\/title>\n<meta name=\"description\" content=\"House of Oliver Twist A\/S ist die \u00e4lteste Tabakfabrik D\u00e4nemarks und gleichzeitig der weltgr\u00f6\u00dfte Exporteur von Kautabak.\" \/>\n<meta name=\"robots\" content=\"index, follow, max-snippet:-1, max-image-preview:large, max-video-preview:-1\" \/>\n<link rel=\"canonical\" href=\"https:\/\/oliver-twist.dk.bluebird.pw\/de\/ueber-uns\/\" \/>\n<meta property=\"og:locale\" content=\"de_DE\" \/>\n<meta property=\"og:type\" content=\"article\" \/>\n<meta property=\"og:title\" content=\"\u00dcber uns\" \/>\n<meta property=\"og:description\" content=\"House of Oliver Twist A\/S ist die \u00e4lteste Tabakfabrik D\u00e4nemarks und gleichzeitig der weltgr\u00f6\u00dfte Exporteur von Kautabak.\" \/>\n<meta property=\"og:url\" content=\"https:\/\/oliver-twist.dk.bluebird.pw\/de\/ueber-uns\/\" \/>\n<meta property=\"og:site_name\" content=\"Oliver Twist\" \/>\n<meta property=\"article:publisher\" content=\"https:\/\/www.facebook.com\/HouseofOliverTwist\/\" \/>\n<meta property=\"article:modified_time\" content=\"2023-03-08T09:31:58+00:00\" \/>\n<meta property=\"og:image\" content=\"https:\/\/oliver-twist.dk.bluebird.pw\/wp-content\/uploads\/2017\/12\/frontpage-hero.jpg\" \/>\n\t<meta property=\"og:image:width\" content=\"1600\" \/>\n\t<meta property=\"og:image:height\" content=\"823\" \/>\n\t<meta property=\"og:image:type\" content=\"image\/jpeg\" \/>\n<meta name=\"twitter:card\" content=\"summary_large_image\" \/>\n<meta name=\"twitter:label1\" content=\"Est. reading time\" \/>\n\t<meta name=\"twitter:data1\" content=\"1 minute\" \/>\n<script type=\"application\/ld+json\" class=\"yoast-schema-graph\">{\"@context\":\"https:\\\/\\\/schema.org\",\"@graph\":[{\"@type\":[\"WebPage\",\"AboutPage\"],\"@id\":\"https:\\\/\\\/oliver-twist.dk.bluebird.pw\\\/de\\\/ueber-uns\\\/\",\"url\":\"https:\\\/\\\/oliver-twist.dk.bluebird.pw\\\/de\\\/ueber-uns\\\/\",\"name\":\"\u00dcber uns | House of Oliver Twist\",\"isPartOf\":{\"@id\":\"https:\\\/\\\/oliver-twist.dk.bluebird.pw\\\/en\\\/#website\"},\"primaryImageOfPage\":{\"@id\":\"https:\\\/\\\/oliver-twist.dk.bluebird.pw\\\/de\\\/ueber-uns\\\/#primaryimage\"},\"image\":{\"@id\":\"https:\\\/\\\/oliver-twist.dk.bluebird.pw\\\/de\\\/ueber-uns\\\/#primaryimage\"},\"thumbnailUrl\":\"https:\\\/\\\/oliver-twist.dk.bluebird.pw\\\/wp-content\\\/uploads\\\/2017\\\/12\\\/frontpage-hero.jpg\",\"datePublished\":\"2017-12-15T12:32:30+00:00\",\"dateModified\":\"2023-03-08T09:31:58+00:00\",\"description\":\"House of Oliver Twist A\\\/S ist die \u00e4lteste Tabakfabrik D\u00e4nemarks und gleichzeitig der weltgr\u00f6\u00dfte Exporteur von Kautabak.\",\"breadcrumb\":{\"@id\":\"https:\\\/\\\/oliver-twist.dk.bluebird.pw\\\/de\\\/ueber-uns\\\/#breadcrumb\"},\"inLanguage\":\"de-DE\",\"potentialAction\":[{\"@type\":\"ReadAction\",\"target\":[\"https:\\\/\\\/oliver-twist.dk.bluebird.pw\\\/de\\\/ueber-uns\\\/\"]}]},{\"@type\":\"ImageObject\",\"inLanguage\":\"de-DE\",\"@id\":\"https:\\\/\\\/oliver-twist.dk.bluebird.pw\\\/de\\\/ueber-uns\\\/#primaryimage\",\"url\":\"https:\\\/\\\/oliver-twist.dk.bluebird.pw\\\/wp-content\\\/uploads\\\/2017\\\/12\\\/frontpage-hero.jpg\",\"contentUrl\":\"https:\\\/\\\/oliver-twist.dk.bluebird.pw\\\/wp-content\\\/uploads\\\/2017\\\/12\\\/frontpage-hero.jpg\",\"width\":1600,\"height\":823,\"caption\":\"tobacco field\"},{\"@type\":\"BreadcrumbList\",\"@id\":\"https:\\\/\\\/oliver-twist.dk.bluebird.pw\\\/de\\\/ueber-uns\\\/#breadcrumb\",\"itemListElement\":[{\"@type\":\"ListItem\",\"position\":1,\"name\":\"Startseite\",\"item\":\"https:\\\/\\\/oliver-twist.dk.bluebird.pw\\\/de\\\/\"},{\"@type\":\"ListItem\",\"position\":2,\"name\":\"\u00dcber uns\"}]},{\"@type\":\"WebSite\",\"@id\":\"https:\\\/\\\/oliver-twist.dk.bluebird.pw\\\/en\\\/#website\",\"url\":\"https:\\\/\\\/oliver-twist.dk.bluebird.pw\\\/en\\\/\",\"name\":\"Oliver Twist\",\"description\":\"Sm\u00e5 diskrete tobakspastiller med naturligt nikotin indhold\",\"publisher\":{\"@id\":\"https:\\\/\\\/oliver-twist.dk.bluebird.pw\\\/en\\\/#organization\"},\"potentialAction\":[{\"@type\":\"SearchAction\",\"target\":{\"@type\":\"EntryPoint\",\"urlTemplate\":\"https:\\\/\\\/oliver-twist.dk.bluebird.pw\\\/en\\\/?s={search_term_string}\"},\"query-input\":{\"@type\":\"PropertyValueSpecification\",\"valueRequired\":true,\"valueName\":\"search_term_string\"}}],\"inLanguage\":\"de-DE\"},{\"@type\":\"Organization\",\"@id\":\"https:\\\/\\\/oliver-twist.dk.bluebird.pw\\\/en\\\/#organization\",\"name\":\"House of Oliver Twist\",\"url\":\"https:\\\/\\\/oliver-twist.dk.bluebird.pw\\\/en\\\/\",\"logo\":{\"@type\":\"ImageObject\",\"inLanguage\":\"de-DE\",\"@id\":\"https:\\\/\\\/oliver-twist.dk.bluebird.pw\\\/en\\\/#\\\/schema\\\/logo\\\/image\\\/\",\"url\":\"https:\\\/\\\/oliver-twist.dk.bluebird.pw\\\/wp-content\\\/uploads\\\/2020\\\/09\\\/Oliver-Twist_Sort-PNG-1.png\",\"contentUrl\":\"https:\\\/\\\/oliver-twist.dk.bluebird.pw\\\/wp-content\\\/uploads\\\/2020\\\/09\\\/Oliver-Twist_Sort-PNG-1.png\",\"width\":774,\"height\":236,\"caption\":\"House of Oliver Twist\"},\"image\":{\"@id\":\"https:\\\/\\\/oliver-twist.dk.bluebird.pw\\\/en\\\/#\\\/schema\\\/logo\\\/image\\\/\"},\"sameAs\":[\"https:\\\/\\\/www.facebook.com\\\/HouseofOliverTwist\\\/\",\"https:\\\/\\\/www.linkedin.com\\\/company\\\/house-of-oliver-twist\\\/\",\"https:\\\/\\\/www.youtube.com\\\/channel\\\/UCnHIfJXeHCZHCcWjKW_fVCg\"]}]}<\/script>\n<!-- \/ Yoast SEO Premium plugin. -->","yoast_head_json":{"title":"\u00dcber uns | House of Oliver Twist","description":"House of Oliver Twist A\/S ist die \u00e4lteste Tabakfabrik D\u00e4nemarks und gleichzeitig der weltgr\u00f6\u00dfte Exporteur von Kautabak.","robots":{"index":"index","follow":"follow","max-snippet":"max-snippet:-1","max-image-preview":"max-image-preview:large","max-video-preview":"max-video-preview:-1"},"canonical":"https:\/\/oliver-twist.dk.bluebird.pw\/de\/ueber-uns\/","og_locale":"de_DE","og_type":"article","og_title":"\u00dcber uns","og_description":"House of Oliver Twist A\/S ist die \u00e4lteste Tabakfabrik D\u00e4nemarks und gleichzeitig der weltgr\u00f6\u00dfte Exporteur von Kautabak.","og_url":"https:\/\/oliver-twist.dk.bluebird.pw\/de\/ueber-uns\/","og_site_name":"Oliver Twist","article_publisher":"https:\/\/www.facebook.com\/HouseofOliverTwist\/","article_modified_time":"2023-03-08T09:31:58+00:00","og_image":[{"width":1600,"height":823,"url":"https:\/\/oliver-twist.dk.bluebird.pw\/wp-content\/uploads\/2017\/12\/frontpage-hero.jpg","type":"image\/jpeg"}],"twitter_card":"summary_large_image","twitter_misc":{"Est. reading time":"1 minute"},"schema":{"@context":"https:\/\/schema.org","@graph":[{"@type":["WebPage","AboutPage"],"@id":"https:\/\/oliver-twist.dk.bluebird.pw\/de\/ueber-uns\/","url":"https:\/\/oliver-twist.dk.bluebird.pw\/de\/ueber-uns\/","name":"\u00dcber uns | House of Oliver Twist","isPartOf":{"@id":"https:\/\/oliver-twist.dk.bluebird.pw\/en\/#website"},"primaryImageOfPage":{"@id":"https:\/\/oliver-twist.dk.bluebird.pw\/de\/ueber-uns\/#primaryimage"},"image":{"@id":"https:\/\/oliver-twist.dk.bluebird.pw\/de\/ueber-uns\/#primaryimage"},"thumbnailUrl":"https:\/\/oliver-twist.dk.bluebird.pw\/wp-content\/uploads\/2017\/12\/frontpage-hero.jpg","datePublished":"2017-12-15T12:32:30+00:00","dateModified":"2023-03-08T09:31:58+00:00","description":"House of Oliver Twist A\/S ist die \u00e4lteste Tabakfabrik D\u00e4nemarks und gleichzeitig der weltgr\u00f6\u00dfte Exporteur von Kautabak.","breadcrumb":{"@id":"https:\/\/oliver-twist.dk.bluebird.pw\/de\/ueber-uns\/#breadcrumb"},"inLanguage":"de-DE","potentialAction":[{"@type":"ReadAction","target":["https:\/\/oliver-twist.dk.bluebird.pw\/de\/ueber-uns\/"]}]},{"@type":"ImageObject","inLanguage":"de-DE","@id":"https:\/\/oliver-twist.dk.bluebird.pw\/de\/ueber-uns\/#primaryimage","url":"https:\/\/oliver-twist.dk.bluebird.pw\/wp-content\/uploads\/2017\/12\/frontpage-hero.jpg","contentUrl":"https:\/\/oliver-twist.dk.bluebird.pw\/wp-content\/uploads\/2017\/12\/frontpage-hero.jpg","width":1600,"height":823,"caption":"tobacco field"},{"@type":"BreadcrumbList","@id":"https:\/\/oliver-twist.dk.bluebird.pw\/de\/ueber-uns\/#breadcrumb","itemListElement":[{"@type":"ListItem","position":1,"name":"Startseite","item":"https:\/\/oliver-twist.dk.bluebird.pw\/de\/"},{"@type":"ListItem","position":2,"name":"\u00dcber uns"}]},{"@type":"WebSite","@id":"https:\/\/oliver-twist.dk.bluebird.pw\/en\/#website","url":"https:\/\/oliver-twist.dk.bluebird.pw\/en\/","name":"Oliver Twist","description":"Sm\u00e5 diskrete tobakspastiller med naturligt nikotin indhold","publisher":{"@id":"https:\/\/oliver-twist.dk.bluebird.pw\/en\/#organization"},"potentialAction":[{"@type":"SearchAction","target":{"@type":"EntryPoint","urlTemplate":"https:\/\/oliver-twist.dk.bluebird.pw\/en\/?s={search_term_string}"},"query-input":{"@type":"PropertyValueSpecification","valueRequired":true,"valueName":"search_term_string"}}],"inLanguage":"de-DE"},{"@type":"Organization","@id":"https:\/\/oliver-twist.dk.bluebird.pw\/en\/#organization","name":"House of Oliver Twist","url":"https:\/\/oliver-twist.dk.bluebird.pw\/en\/","logo":{"@type":"ImageObject","inLanguage":"de-DE","@id":"https:\/\/oliver-twist.dk.bluebird.pw\/en\/#\/schema\/logo\/image\/","url":"https:\/\/oliver-twist.dk.bluebird.pw\/wp-content\/uploads\/2020\/09\/Oliver-Twist_Sort-PNG-1.png","contentUrl":"https:\/\/oliver-twist.dk.bluebird.pw\/wp-content\/uploads\/2020\/09\/Oliver-Twist_Sort-PNG-1.png","width":774,"height":236,"caption":"House of Oliver Twist"},"image":{"@id":"https:\/\/oliver-twist.dk.bluebird.pw\/en\/#\/schema\/logo\/image\/"},"sameAs":["https:\/\/www.facebook.com\/HouseofOliverTwist\/","https:\/\/www.linkedin.com\/company\/house-of-oliver-twist\/","https:\/\/www.youtube.com\/channel\/UCnHIfJXeHCZHCcWjKW_fVCg"]}]}},"_links":{"self":[{"href":"https:\/\/oliver-twist.dk.bluebird.pw\/de\/wp-json\/wp\/v2\/pages\/634","targetHints":{"allow":["GET"]}}],"collection":[{"href":"https:\/\/oliver-twist.dk.bluebird.pw\/de\/wp-json\/wp\/v2\/pages"}],"about":[{"href":"https:\/\/oliver-twist.dk.bluebird.pw\/de\/wp-json\/wp\/v2\/types\/page"}],"author":[{"embeddable":true,"href":"https:\/\/oliver-twist.dk.bluebird.pw\/de\/wp-json\/wp\/v2\/users\/5"}],"replies":[{"embeddable":true,"href":"https:\/\/oliver-twist.dk.bluebird.pw\/de\/wp-json\/wp\/v2\/comments?post=634"}],"version-history":[{"count":13,"href":"https:\/\/oliver-twist.dk.bluebird.pw\/de\/wp-json\/wp\/v2\/pages\/634\/revisions"}],"predecessor-version":[{"id":15447,"href":"https:\/\/oliver-twist.dk.bluebird.pw\/de\/wp-json\/wp\/v2\/pages\/634\/revisions\/15447"}],"wp:featuredmedia":[{"embeddable":true,"href":"https:\/\/oliver-twist.dk.bluebird.pw\/de\/wp-json\/wp\/v2\/media\/709"}],"wp:attachment":[{"href":"https:\/\/oliver-twist.dk.bluebird.pw\/de\/wp-json\/wp\/v2\/media?parent=634"}],"curies":[{"name":"wp","href":"https:\/\/api.w.org\/{rel}","templated":true}]}}