{"id":643,"date":"2017-12-15T13:35:30","date_gmt":"2017-12-15T12:35:30","guid":{"rendered":"http:\/\/oliver-twist.dk.bluebird.pw\/?page_id=643"},"modified":"2023-03-08T10:29:20","modified_gmt":"2023-03-08T09:29:20","slug":"om-oss","status":"publish","type":"page","link":"https:\/\/oliver-twist.dk.bluebird.pw\/sv\/om-oss\/","title":{"rendered":"Om oss"},"content":{"rendered":"<p>House of Oliver Twist A\/S i Odense \u00e4r Danmarks \u00e4ldsta tobaksfabrik och samtidigt v\u00e4rldens st\u00f6rsta export\u00f6r av spunna portionsbitar. Vi utvecklar, producerar och s\u00e4ljer uteslutande portionsbitar under namnet Oliver Twist\u00ae.<\/p>\n<p>Sedan 1974 har f\u00f6retaget varit familje\u00e4gt, men i april 2018 s\u00e5ldes vi till Swedish Match AB. Swedish Match \u00e4r ett globalt f\u00f6retag med starka lokala varum\u00e4rken. Man har produktion i sju l\u00e4nder och arbetar \u00f6verv\u00e4gande med produkter inom r\u00f6kfri tobak. Lars Dahlgren, VD f\u00f6r Swedish Match, uttalade i samband med f\u00f6rs\u00e4ljningen att &#8220;Oliver Twist \u00e4r ett mycket bra komplement till v\u00e5r r\u00f6kfria portf\u00f6lj och kommer att s\u00e4kerst\u00e4lla ett \u00f6kad djup i v\u00e5rt tuggtobak-erbjudande &#8211; i synnerhet i Europa\u201d.<\/p>\n","protected":false},"excerpt":{"rendered":"<p>House of Oliver Twist A\/S i Odense \u00e4r Danmarks \u00e4ldsta tobaksfabrik och samtidigt v\u00e4rldens st\u00f6rsta export\u00f6r av spunna portionsbitar. Vi utvecklar, producerar och s\u00e4ljer uteslutande portionsbitar under namnet Oliver Twist\u00ae. Sedan 1974 har f\u00f6retaget varit familje\u00e4gt, men i april 2018 s\u00e5ldes vi till Swedish Match AB. Swedish Match \u00e4r ett globalt f\u00f6retag med starka lokala [&hellip;]<\/p>\n","protected":false},"author":5,"featured_media":711,"parent":0,"menu_order":81,"comment_status":"closed","ping_status":"closed","template":"templates\/omos.php","meta":{"_acf_changed":false,"footnotes":""},"class_list":["post-643","page","type-page","status-publish","has-post-thumbnail","hentry"],"acf":[],"yoast_head":"<!-- This site is optimized with the Yoast SEO Premium plugin v21.4 (Yoast SEO v27.5) - https:\/\/yoast.com\/product\/yoast-seo-premium-wordpress\/ -->\n<title>Om oss | House of Oliver Twist<\/title>\n<meta name=\"description\" content=\"House of Oliver Twist A\/S i Odense \u00e4r Danmarks \u00e4ldsta tobaksfabrik och samtidigt v\u00e4rldens st\u00f6rsta export\u00f6r av spunna portionsbitar.\" \/>\n<meta name=\"robots\" content=\"index, follow, max-snippet:-1, max-image-preview:large, max-video-preview:-1\" \/>\n<link rel=\"canonical\" href=\"https:\/\/oliver-twist.dk.bluebird.pw\/sv\/om-oss\/\" \/>\n<meta property=\"og:locale\" content=\"sv_SE\" \/>\n<meta property=\"og:type\" content=\"article\" \/>\n<meta property=\"og:title\" content=\"Om oss\" \/>\n<meta property=\"og:description\" content=\"House of Oliver Twist A\/S i Odense \u00e4r Danmarks \u00e4ldsta tobaksfabrik och samtidigt v\u00e4rldens st\u00f6rsta export\u00f6r av spunna portionsbitar.\" \/>\n<meta property=\"og:url\" content=\"https:\/\/oliver-twist.dk.bluebird.pw\/sv\/om-oss\/\" \/>\n<meta property=\"og:site_name\" content=\"Oliver Twist\" \/>\n<meta property=\"article:publisher\" content=\"https:\/\/www.facebook.com\/HouseofOliverTwist\/\" \/>\n<meta property=\"article:modified_time\" content=\"2023-03-08T09:29:20+00:00\" \/>\n<meta property=\"og:image\" content=\"https:\/\/oliver-twist.dk.bluebird.pw\/wp-content\/uploads\/2017\/12\/frontpage-hero.jpg\" \/>\n\t<meta property=\"og:image:width\" content=\"1600\" \/>\n\t<meta property=\"og:image:height\" content=\"823\" \/>\n\t<meta property=\"og:image:type\" content=\"image\/jpeg\" \/>\n<meta name=\"twitter:card\" content=\"summary_large_image\" \/>\n<meta name=\"twitter:label1\" content=\"Est. reading time\" \/>\n\t<meta name=\"twitter:data1\" content=\"1 minute\" \/>\n<script type=\"application\/ld+json\" class=\"yoast-schema-graph\">{\"@context\":\"https:\\\/\\\/schema.org\",\"@graph\":[{\"@type\":\"WebPage\",\"@id\":\"https:\\\/\\\/oliver-twist.dk.bluebird.pw\\\/sv\\\/om-oss\\\/\",\"url\":\"https:\\\/\\\/oliver-twist.dk.bluebird.pw\\\/sv\\\/om-oss\\\/\",\"name\":\"Om oss | House of Oliver Twist\",\"isPartOf\":{\"@id\":\"https:\\\/\\\/oliver-twist.dk.bluebird.pw\\\/en\\\/#website\"},\"primaryImageOfPage\":{\"@id\":\"https:\\\/\\\/oliver-twist.dk.bluebird.pw\\\/sv\\\/om-oss\\\/#primaryimage\"},\"image\":{\"@id\":\"https:\\\/\\\/oliver-twist.dk.bluebird.pw\\\/sv\\\/om-oss\\\/#primaryimage\"},\"thumbnailUrl\":\"https:\\\/\\\/oliver-twist.dk.bluebird.pw\\\/wp-content\\\/uploads\\\/2017\\\/12\\\/frontpage-hero.jpg\",\"datePublished\":\"2017-12-15T12:35:30+00:00\",\"dateModified\":\"2023-03-08T09:29:20+00:00\",\"description\":\"House of Oliver Twist A\\\/S i Odense \u00e4r Danmarks \u00e4ldsta tobaksfabrik och samtidigt v\u00e4rldens st\u00f6rsta export\u00f6r av spunna portionsbitar.\",\"breadcrumb\":{\"@id\":\"https:\\\/\\\/oliver-twist.dk.bluebird.pw\\\/sv\\\/om-oss\\\/#breadcrumb\"},\"inLanguage\":\"sv-SE\",\"potentialAction\":[{\"@type\":\"ReadAction\",\"target\":[\"https:\\\/\\\/oliver-twist.dk.bluebird.pw\\\/sv\\\/om-oss\\\/\"]}]},{\"@type\":\"ImageObject\",\"inLanguage\":\"sv-SE\",\"@id\":\"https:\\\/\\\/oliver-twist.dk.bluebird.pw\\\/sv\\\/om-oss\\\/#primaryimage\",\"url\":\"https:\\\/\\\/oliver-twist.dk.bluebird.pw\\\/wp-content\\\/uploads\\\/2017\\\/12\\\/frontpage-hero.jpg\",\"contentUrl\":\"https:\\\/\\\/oliver-twist.dk.bluebird.pw\\\/wp-content\\\/uploads\\\/2017\\\/12\\\/frontpage-hero.jpg\",\"width\":1600,\"height\":823,\"caption\":\"tobacco field\"},{\"@type\":\"BreadcrumbList\",\"@id\":\"https:\\\/\\\/oliver-twist.dk.bluebird.pw\\\/sv\\\/om-oss\\\/#breadcrumb\",\"itemListElement\":[{\"@type\":\"ListItem\",\"position\":1,\"name\":\"Startseite\",\"item\":\"https:\\\/\\\/oliver-twist.dk.bluebird.pw\\\/sv\\\/\"},{\"@type\":\"ListItem\",\"position\":2,\"name\":\"Om oss\"}]},{\"@type\":\"WebSite\",\"@id\":\"https:\\\/\\\/oliver-twist.dk.bluebird.pw\\\/en\\\/#website\",\"url\":\"https:\\\/\\\/oliver-twist.dk.bluebird.pw\\\/en\\\/\",\"name\":\"Oliver Twist\",\"description\":\"Sm\u00e5 diskrete tobakspastiller med naturligt nikotin indhold\",\"publisher\":{\"@id\":\"https:\\\/\\\/oliver-twist.dk.bluebird.pw\\\/en\\\/#organization\"},\"potentialAction\":[{\"@type\":\"SearchAction\",\"target\":{\"@type\":\"EntryPoint\",\"urlTemplate\":\"https:\\\/\\\/oliver-twist.dk.bluebird.pw\\\/en\\\/?s={search_term_string}\"},\"query-input\":{\"@type\":\"PropertyValueSpecification\",\"valueRequired\":true,\"valueName\":\"search_term_string\"}}],\"inLanguage\":\"sv-SE\"},{\"@type\":\"Organization\",\"@id\":\"https:\\\/\\\/oliver-twist.dk.bluebird.pw\\\/en\\\/#organization\",\"name\":\"House of Oliver Twist\",\"url\":\"https:\\\/\\\/oliver-twist.dk.bluebird.pw\\\/en\\\/\",\"logo\":{\"@type\":\"ImageObject\",\"inLanguage\":\"sv-SE\",\"@id\":\"https:\\\/\\\/oliver-twist.dk.bluebird.pw\\\/en\\\/#\\\/schema\\\/logo\\\/image\\\/\",\"url\":\"https:\\\/\\\/oliver-twist.dk.bluebird.pw\\\/wp-content\\\/uploads\\\/2020\\\/09\\\/Oliver-Twist_Sort-PNG-1.png\",\"contentUrl\":\"https:\\\/\\\/oliver-twist.dk.bluebird.pw\\\/wp-content\\\/uploads\\\/2020\\\/09\\\/Oliver-Twist_Sort-PNG-1.png\",\"width\":774,\"height\":236,\"caption\":\"House of Oliver Twist\"},\"image\":{\"@id\":\"https:\\\/\\\/oliver-twist.dk.bluebird.pw\\\/en\\\/#\\\/schema\\\/logo\\\/image\\\/\"},\"sameAs\":[\"https:\\\/\\\/www.facebook.com\\\/HouseofOliverTwist\\\/\",\"https:\\\/\\\/www.linkedin.com\\\/company\\\/house-of-oliver-twist\\\/\",\"https:\\\/\\\/www.youtube.com\\\/channel\\\/UCnHIfJXeHCZHCcWjKW_fVCg\"]}]}<\/script>\n<!-- \/ Yoast SEO Premium plugin. -->","yoast_head_json":{"title":"Om oss | House of Oliver Twist","description":"House of Oliver Twist A\/S i Odense \u00e4r Danmarks \u00e4ldsta tobaksfabrik och samtidigt v\u00e4rldens st\u00f6rsta export\u00f6r av spunna portionsbitar.","robots":{"index":"index","follow":"follow","max-snippet":"max-snippet:-1","max-image-preview":"max-image-preview:large","max-video-preview":"max-video-preview:-1"},"canonical":"https:\/\/oliver-twist.dk.bluebird.pw\/sv\/om-oss\/","og_locale":"sv_SE","og_type":"article","og_title":"Om oss","og_description":"House of Oliver Twist A\/S i Odense \u00e4r Danmarks \u00e4ldsta tobaksfabrik och samtidigt v\u00e4rldens st\u00f6rsta export\u00f6r av spunna portionsbitar.","og_url":"https:\/\/oliver-twist.dk.bluebird.pw\/sv\/om-oss\/","og_site_name":"Oliver Twist","article_publisher":"https:\/\/www.facebook.com\/HouseofOliverTwist\/","article_modified_time":"2023-03-08T09:29:20+00:00","og_image":[{"width":1600,"height":823,"url":"https:\/\/oliver-twist.dk.bluebird.pw\/wp-content\/uploads\/2017\/12\/frontpage-hero.jpg","type":"image\/jpeg"}],"twitter_card":"summary_large_image","twitter_misc":{"Est. reading time":"1 minute"},"schema":{"@context":"https:\/\/schema.org","@graph":[{"@type":"WebPage","@id":"https:\/\/oliver-twist.dk.bluebird.pw\/sv\/om-oss\/","url":"https:\/\/oliver-twist.dk.bluebird.pw\/sv\/om-oss\/","name":"Om oss | House of Oliver Twist","isPartOf":{"@id":"https:\/\/oliver-twist.dk.bluebird.pw\/en\/#website"},"primaryImageOfPage":{"@id":"https:\/\/oliver-twist.dk.bluebird.pw\/sv\/om-oss\/#primaryimage"},"image":{"@id":"https:\/\/oliver-twist.dk.bluebird.pw\/sv\/om-oss\/#primaryimage"},"thumbnailUrl":"https:\/\/oliver-twist.dk.bluebird.pw\/wp-content\/uploads\/2017\/12\/frontpage-hero.jpg","datePublished":"2017-12-15T12:35:30+00:00","dateModified":"2023-03-08T09:29:20+00:00","description":"House of Oliver Twist A\/S i Odense \u00e4r Danmarks \u00e4ldsta tobaksfabrik och samtidigt v\u00e4rldens st\u00f6rsta export\u00f6r av spunna portionsbitar.","breadcrumb":{"@id":"https:\/\/oliver-twist.dk.bluebird.pw\/sv\/om-oss\/#breadcrumb"},"inLanguage":"sv-SE","potentialAction":[{"@type":"ReadAction","target":["https:\/\/oliver-twist.dk.bluebird.pw\/sv\/om-oss\/"]}]},{"@type":"ImageObject","inLanguage":"sv-SE","@id":"https:\/\/oliver-twist.dk.bluebird.pw\/sv\/om-oss\/#primaryimage","url":"https:\/\/oliver-twist.dk.bluebird.pw\/wp-content\/uploads\/2017\/12\/frontpage-hero.jpg","contentUrl":"https:\/\/oliver-twist.dk.bluebird.pw\/wp-content\/uploads\/2017\/12\/frontpage-hero.jpg","width":1600,"height":823,"caption":"tobacco field"},{"@type":"BreadcrumbList","@id":"https:\/\/oliver-twist.dk.bluebird.pw\/sv\/om-oss\/#breadcrumb","itemListElement":[{"@type":"ListItem","position":1,"name":"Startseite","item":"https:\/\/oliver-twist.dk.bluebird.pw\/sv\/"},{"@type":"ListItem","position":2,"name":"Om oss"}]},{"@type":"WebSite","@id":"https:\/\/oliver-twist.dk.bluebird.pw\/en\/#website","url":"https:\/\/oliver-twist.dk.bluebird.pw\/en\/","name":"Oliver Twist","description":"Sm\u00e5 diskrete tobakspastiller med naturligt nikotin indhold","publisher":{"@id":"https:\/\/oliver-twist.dk.bluebird.pw\/en\/#organization"},"potentialAction":[{"@type":"SearchAction","target":{"@type":"EntryPoint","urlTemplate":"https:\/\/oliver-twist.dk.bluebird.pw\/en\/?s={search_term_string}"},"query-input":{"@type":"PropertyValueSpecification","valueRequired":true,"valueName":"search_term_string"}}],"inLanguage":"sv-SE"},{"@type":"Organization","@id":"https:\/\/oliver-twist.dk.bluebird.pw\/en\/#organization","name":"House of Oliver Twist","url":"https:\/\/oliver-twist.dk.bluebird.pw\/en\/","logo":{"@type":"ImageObject","inLanguage":"sv-SE","@id":"https:\/\/oliver-twist.dk.bluebird.pw\/en\/#\/schema\/logo\/image\/","url":"https:\/\/oliver-twist.dk.bluebird.pw\/wp-content\/uploads\/2020\/09\/Oliver-Twist_Sort-PNG-1.png","contentUrl":"https:\/\/oliver-twist.dk.bluebird.pw\/wp-content\/uploads\/2020\/09\/Oliver-Twist_Sort-PNG-1.png","width":774,"height":236,"caption":"House of Oliver Twist"},"image":{"@id":"https:\/\/oliver-twist.dk.bluebird.pw\/en\/#\/schema\/logo\/image\/"},"sameAs":["https:\/\/www.facebook.com\/HouseofOliverTwist\/","https:\/\/www.linkedin.com\/company\/house-of-oliver-twist\/","https:\/\/www.youtube.com\/channel\/UCnHIfJXeHCZHCcWjKW_fVCg"]}]}},"_links":{"self":[{"href":"https:\/\/oliver-twist.dk.bluebird.pw\/sv\/wp-json\/wp\/v2\/pages\/643","targetHints":{"allow":["GET"]}}],"collection":[{"href":"https:\/\/oliver-twist.dk.bluebird.pw\/sv\/wp-json\/wp\/v2\/pages"}],"about":[{"href":"https:\/\/oliver-twist.dk.bluebird.pw\/sv\/wp-json\/wp\/v2\/types\/page"}],"author":[{"embeddable":true,"href":"https:\/\/oliver-twist.dk.bluebird.pw\/sv\/wp-json\/wp\/v2\/users\/5"}],"replies":[{"embeddable":true,"href":"https:\/\/oliver-twist.dk.bluebird.pw\/sv\/wp-json\/wp\/v2\/comments?post=643"}],"version-history":[{"count":5,"href":"https:\/\/oliver-twist.dk.bluebird.pw\/sv\/wp-json\/wp\/v2\/pages\/643\/revisions"}],"predecessor-version":[{"id":15445,"href":"https:\/\/oliver-twist.dk.bluebird.pw\/sv\/wp-json\/wp\/v2\/pages\/643\/revisions\/15445"}],"wp:featuredmedia":[{"embeddable":true,"href":"https:\/\/oliver-twist.dk.bluebird.pw\/sv\/wp-json\/wp\/v2\/media\/711"}],"wp:attachment":[{"href":"https:\/\/oliver-twist.dk.bluebird.pw\/sv\/wp-json\/wp\/v2\/media?parent=643"}],"curies":[{"name":"wp","href":"https:\/\/api.w.org\/{rel}","templated":true}]}}